{"id":1343,"date":"2021-10-27T11:57:29","date_gmt":"2021-10-27T11:57:29","guid":{"rendered":"https:\/\/martin-wagener.org\/?page_id=1343"},"modified":"2021-11-04T13:40:11","modified_gmt":"2021-11-04T13:40:11","slug":"lebenslauf","status":"publish","type":"page","link":"https:\/\/martin-wagener.org\/index.php\/lebenslauf\/","title":{"rendered":"Lebenslauf"},"content":{"rendered":"\t\t<div data-elementor-type=\"wp-page\" data-elementor-id=\"1343\" class=\"elementor elementor-1343\" data-elementor-post-type=\"page\">\n\t\t\t\t\t\t<section class=\"elementor-section elementor-top-section elementor-element elementor-element-b9f7d6f elementor-section-content-middle elementor-section-boxed elementor-section-height-default elementor-section-height-default\" data-id=\"b9f7d6f\" data-element_type=\"section\">\n\t\t\t\t\t\t<div class=\"elementor-container elementor-column-gap-no\">\n\t\t\t\t\t<div class=\"elementor-column elementor-col-100 elementor-top-column elementor-element elementor-element-751608a\" data-id=\"751608a\" data-element_type=\"column\">\n\t\t\t<div class=\"elementor-widget-wrap elementor-element-populated\">\n\t\t\t\t\t\t<div class=\"elementor-element elementor-element-c5cc561 elementor-widget elementor-widget-heading\" data-id=\"c5cc561\" data-element_type=\"widget\" data-widget_type=\"heading.default\">\n\t\t\t\t<div class=\"elementor-widget-container\">\n\t\t\t\t\t<h4 class=\"elementor-heading-title elementor-size-default\">Lebenslauf<\/h4>\t\t\t\t<\/div>\n\t\t\t\t<\/div>\n\t\t\t\t<section class=\"elementor-section elementor-inner-section elementor-element elementor-element-37cb4fa elementor-section-boxed elementor-section-height-default elementor-section-height-default\" data-id=\"37cb4fa\" data-element_type=\"section\">\n\t\t\t\t\t\t<div class=\"elementor-container elementor-column-gap-default\">\n\t\t\t\t\t<div class=\"elementor-column elementor-col-100 elementor-inner-column elementor-element elementor-element-3c974be\" data-id=\"3c974be\" data-element_type=\"column\">\n\t\t\t<div class=\"elementor-widget-wrap elementor-element-populated\">\n\t\t\t\t\t\t<div class=\"elementor-element elementor-element-34800d3 elementor-widget elementor-widget-heading\" data-id=\"34800d3\" data-element_type=\"widget\" data-widget_type=\"heading.default\">\n\t\t\t\t<div class=\"elementor-widget-container\">\n\t\t\t\t\t<h2 class=\"elementor-heading-title elementor-size-default\">Pers\u00f6nliche Daten<\/h2>\t\t\t\t<\/div>\n\t\t\t\t<\/div>\n\t\t\t\t<div class=\"elementor-element elementor-element-50a2229 elementor-widget elementor-widget-text-editor\" data-id=\"50a2229\" data-element_type=\"widget\" data-widget_type=\"text-editor.default\">\n\t\t\t\t<div class=\"elementor-widget-container\">\n\t\t\t\t\t\t\t\t\t<p><span style=\"font-family: Times New Roman, serif;\"><span style=\"font-size: medium;\">Geburtstag: 20. Oktober 1970<\/span><\/span><\/p><p><span style=\"font-family: Times New Roman, serif;\"><span style=\"font-size: medium;\">Staatsangeh\u00f6rigkeit: deutsch<\/span><\/span><\/p><p>\u00a0<\/p>\t\t\t\t\t\t\t\t<\/div>\n\t\t\t\t<\/div>\n\t\t\t\t<div class=\"elementor-element elementor-element-56aade7 elementor-widget elementor-widget-heading\" data-id=\"56aade7\" data-element_type=\"widget\" data-widget_type=\"heading.default\">\n\t\t\t\t<div class=\"elementor-widget-container\">\n\t\t\t\t\t<h2 class=\"elementor-heading-title elementor-size-default\">Wissenschaftlicher Werdegang<\/h2>\t\t\t\t<\/div>\n\t\t\t\t<\/div>\n\t\t\t\t<div class=\"elementor-element elementor-element-39ed085 elementor-widget elementor-widget-text-editor\" data-id=\"39ed085\" data-element_type=\"widget\" data-widget_type=\"text-editor.default\">\n\t\t\t\t<div class=\"elementor-widget-container\">\n\t\t\t\t\t\t\t\t\t<p><span style=\"font-family: Times New Roman, serif;\"><span style=\"font-size: medium;\"><em>Januar 2019<\/em><br \/>Verlegung der HSB-Einheit in das Zentrum f\u00fcr nachrichtendienstliche Aus- und Fortbildung, Berlin<\/span><\/span><\/p><p><span style=\"font-family: Times New Roman, serif;\"><span style=\"font-size: medium;\"><em>Oktober 2012<\/em><br \/>Antritt der Professur (W3) f\u00fcr Politikwissenschaft mit dem Schwerpunkt Internationale Politik und Sicherheitspolitik an der Fachhochschule des Bundes f\u00fcr \u00f6ffentliche Verwaltung in Br\u00fchl\/M\u00fcnchen (seit Oktober 2014: Hochschule des Bundes f\u00fcr \u00f6ffentliche Verwaltung)<\/span><\/span><\/p><p><span style=\"font-family: Times New Roman, serif;\"><span style=\"font-size: medium;\"><em>September 2012<\/em><br \/>Beginn der zweiten Phase der Juniorprofessur f\u00fcr Politikwissenschaft\/Internationale Beziehungen an der Universit\u00e4t Trier<\/span><\/span><\/p><p><span style=\"font-family: Times New Roman, serif;\"><span style=\"font-size: medium;\"><em>September 2009<\/em><u><br \/><\/u>Antritt der Juniorprofessor (W1) f\u00fcr Politikwissenschaft\/Internationale Beziehungen an der Universit\u00e4t Trier<\/span><\/span><\/p><p><span style=\"font-family: Times New Roman, serif;\"><span style=\"font-size: medium;\"><em>M\u00e4rz 2008 &#8211; August 2009<\/em><br \/>Wissenschaftlicher Mitarbeiter am Lehrstuhl f\u00fcr Internationale Beziehungen und Au\u00dfenpolitik der Universit\u00e4t Trier<\/span><\/span><\/p><p><span style=\"font-family: Times New Roman, serif;\"><span style=\"font-size: medium;\"><em>Februar 2008<\/em><u><br \/><\/u>Abschlu\u00df des Promotionsverfahrens; Doktorarbeit zum Thema &#8222;Hegemonialer Wandel in S\u00fcdostasien? Der machtpolitische Aufstieg Chinas als sicherheitsstrategische Herausforderung der USA&#8220;<\/span><\/span><\/p><p><span style=\"font-family: Times New Roman, serif;\"><span style=\"font-size: medium;\"><em>September 2006 &#8211; Februar 2008<\/em><u><br \/><\/u>Vertretung der Juniorprofessur von Jun.-Prof. Dr. Sebastian Harnisch, Universit\u00e4t Trier<\/span><\/span><\/p><p><span style=\"font-family: Times New Roman, serif;\"><span style=\"font-size: medium;\"><em>April &#8211; August 2006<\/em><u><br \/><\/u>Lehrbeauftragter am Lehrstuhl f\u00fcr Internationale Beziehungen und Au\u00dfenpolitik der Universit\u00e4t Trier<\/span><\/span><\/p><p><span style=\"font-family: Times New Roman, serif;\"><span style=\"font-size: medium;\"><em>April 2001 &#8211; M\u00e4rz 2006<\/em><u><br \/><\/u>Wissenschaftlicher Mitarbeiter am Lehrstuhl f\u00fcr Internationale Beziehungen und Au\u00dfenpolitik der Universit\u00e4t Trier<\/span><\/span><\/p><p><span style=\"font-family: Times New Roman, serif;\"><span style=\"font-size: medium;\"><em>Februar 1999 &#8211; M\u00e4rz 2001<\/em><u><br \/><\/u>Promotionsstipendiat der Hanns-Seidel-Stiftung e.V.<\/span><\/span><\/p><p><span style=\"font-family: Times New Roman, serif;\"><span style=\"font-size: medium;\"><em>Januar 1998 &#8211; Januar 1999<\/em><u><br \/><\/u>Wissenschaftliche Hilfskraft am Institut f\u00fcr Spezialforschung, Konkordanzprojekt zur syrischen Bibel, Georg-August-Universit\u00e4t G\u00f6ttingen<\/span><\/span><\/p><p><span style=\"font-family: Times New Roman, serif;\"><span style=\"font-size: medium;\"><em>1998 &#8211; 2000<\/em><u><br \/><\/u>Lehrbeauftragter am Zentrum f\u00fcr Europa- und Nordamerika-Studien der Georg-August-Universit\u00e4t G\u00f6ttingen<\/span><\/span><\/p>\t\t\t\t\t\t\t\t<\/div>\n\t\t\t\t<\/div>\n\t\t\t\t<div class=\"elementor-element elementor-element-bb06d56 elementor-widget elementor-widget-heading\" data-id=\"bb06d56\" data-element_type=\"widget\" data-widget_type=\"heading.default\">\n\t\t\t\t<div class=\"elementor-widget-container\">\n\t\t\t\t\t<h2 class=\"elementor-heading-title elementor-size-default\">Forschungsreisen<\/h2>\t\t\t\t<\/div>\n\t\t\t\t<\/div>\n\t\t\t\t<div class=\"elementor-element elementor-element-5e54219 elementor-widget elementor-widget-text-editor\" data-id=\"5e54219\" data-element_type=\"widget\" data-widget_type=\"text-editor.default\">\n\t\t\t\t<div class=\"elementor-widget-container\">\n\t\t\t\t\t\t\t\t\t<p><span style=\"font-family: Times New Roman, serif;\"><span style=\"font-size: medium;\"><em>29. Oktober &#8211; 3. November 2017<\/em><br \/>Gespr\u00e4che mit Vertretern verschiedener Regierungsstellen, Parteien und Wissenschaftler in Taipei auf Einladung des Au\u00dfenministeriums Taiwans<\/span><\/span><\/p><p><span style=\"font-family: Times New Roman, serif;\"><span style=\"font-size: medium;\"><em>20. &#8211; 29. August 2017<\/em><br \/>Recherchen und Forschungsinterviews in Jerusalem (Israel)<\/span><\/span><\/p><p><span style=\"font-family: Times New Roman, serif;\"><span style=\"font-size: medium;\"><em>13. Januar &#8211; 25. Februar 2015<\/em><br \/>Visiting Research Fellow am Institute of International Relations der National Chengchi University in Taipei (Taiwan); Forschungsinterviews in Okinawa (Japan)<\/span><\/span><\/p><p><span style=\"font-family: Times New Roman, serif;\"><span style=\"font-size: medium;\"><em>2. &#8211; 15. Oktober 2011<\/em><br \/>Recherchen und Forschungsinterviews in Beijing (China) und Taipei (Taiwan)<\/span><\/span><\/p><p><span style=\"font-family: Times New Roman, serif;\"><span style=\"font-size: medium;\"><em><span lang=\"en-US\">1. &#8211; 23. September 2008<\/span><\/em><span lang=\"en-US\"><u><br \/><\/u><\/span><span lang=\"en-US\">Visiting Research Fellow am Institute of Security and International Studies in Bangkok (Thailand)<\/span><\/span><\/span><\/p><p><span style=\"font-family: Times New Roman, serif;\"><span style=\"font-size: medium;\"><em><span lang=\"en-US\">19. September &#8211; 16. Oktober 2005<\/span><\/em><span lang=\"en-US\"><br \/>Visiting Scholar am Institute of Defence and Strategic Studies, Singapur; Forschungsinterviews in Kuala Lumpur (Malaysia)<\/span><\/span><\/span><\/p><p><span style=\"font-family: Times New Roman, serif;\"><span style=\"font-size: medium;\"><em><span lang=\"en-US\">22. August &#8211; 17. September 2005<\/span><\/em><span lang=\"en-US\"><br \/>Visiting Scholar am East-West Center auf Hawaii (USA)<\/span><\/span><\/span><\/p><p><span style=\"font-family: Times New Roman, serif;\"><span style=\"font-size: medium;\"><em><span lang=\"en-US\">27. September &#8211; 23. Dezember 1999<\/span><\/em><span lang=\"en-US\"><u><br \/><\/u><\/span><span lang=\"en-US\">Visiting Research Associate an der School of Advanced International Studies der Johns Hopkins University in Washington D.C. (USA)<\/span><\/span><\/span><\/p><p><span style=\"font-family: Times New Roman, serif;\"><span style=\"font-size: medium;\"><em>15. Oktober &#8211; 10. Dezember 1998<\/em><u><br \/><\/u>Recherchen und Forschungsinterviews in London (Gro\u00dfbritannien)<\/span><\/span><\/p>\t\t\t\t\t\t\t\t<\/div>\n\t\t\t\t<\/div>\n\t\t\t\t<div class=\"elementor-element elementor-element-c5a853b elementor-widget elementor-widget-heading\" data-id=\"c5a853b\" data-element_type=\"widget\" data-widget_type=\"heading.default\">\n\t\t\t\t<div class=\"elementor-widget-container\">\n\t\t\t\t\t<h2 class=\"elementor-heading-title elementor-size-default\">Ausbildung<\/h2>\t\t\t\t<\/div>\n\t\t\t\t<\/div>\n\t\t\t\t<div class=\"elementor-element elementor-element-0653c01 elementor-widget elementor-widget-text-editor\" data-id=\"0653c01\" data-element_type=\"widget\" data-widget_type=\"text-editor.default\">\n\t\t\t\t<div class=\"elementor-widget-container\">\n\t\t\t\t\t\t\t\t\t<p><span style=\"font-family: Times New Roman, serif;\"><span style=\"font-size: medium;\"><em>29. April 1997<\/em><br \/>Magister Artium (M.A.) an der Georg-August-Universit\u00e4t G\u00f6ttingen; Magisterarbeit zum Thema &#8222;Die China-Politik der USA nach der Niederschlagung der Demokratiebewegung im Juni 1989&#8220;<\/span><\/span><\/p><p><span style=\"font-family: Times New Roman, serif;\"><span style=\"font-size: medium;\"><em>1. Oktober 1991<\/em><u><br \/><\/u>Beginn des Studiums an der Georg-August-Universit\u00e4t G\u00f6ttingen; F\u00e4cher: Politologie (Hauptfach), Rechtswissenschaften mit Schwerpunkt V\u00f6lkerrecht (1. Nebenfach) sowie Mittlere und Neuere Geschichte (2. Nebenfach)<\/span><\/span><\/p><p><span style=\"font-family: Times New Roman, serif;\"><span style=\"font-size: medium;\"><em>9. Mai 1990<\/em><u><br \/><\/u>Allgemeine Hochschulreife am Johanneum L\u00fcneburg<\/span><\/span><\/p>\t\t\t\t\t\t\t\t<\/div>\n\t\t\t\t<\/div>\n\t\t\t\t<div class=\"elementor-element elementor-element-cb5d8bc elementor-widget elementor-widget-heading\" data-id=\"cb5d8bc\" data-element_type=\"widget\" data-widget_type=\"heading.default\">\n\t\t\t\t<div class=\"elementor-widget-container\">\n\t\t\t\t\t<h2 class=\"elementor-heading-title elementor-size-default\">Gutachter<\/h2>\t\t\t\t<\/div>\n\t\t\t\t<\/div>\n\t\t\t\t<div class=\"elementor-element elementor-element-54acffe elementor-widget elementor-widget-text-editor\" data-id=\"54acffe\" data-element_type=\"widget\" data-widget_type=\"text-editor.default\">\n\t\t\t\t<div class=\"elementor-widget-container\">\n\t\t\t\t\t\t\t\t\t<p><span style=\"font-family: Times New Roman, serif;\"><span style=\"font-size: medium;\">ASIEN<\/span><\/span><\/p><p><span style=\"font-family: Times New Roman, serif;\"><span style=\"font-size: medium;\">Studienstiftung des deutschen Volkes<\/span><\/span><\/p><p><span style=\"font-family: Times New Roman, serif;\"><span style=\"font-size: medium;\">Zeitschrift f\u00fcr Au\u00dfen- und Sicherheitspolitik<\/span><\/span><\/p><p><span style=\"font-family: Times New Roman, serif;\"><span style=\"font-size: medium;\">Zeitschrift f\u00fcr Internationale Beziehungen<\/span><\/span><\/p><p><span style=\"font-family: Times New Roman, serif;\"><span style=\"font-size: medium;\">Zeitschrift f\u00fcr Politik<\/span><\/span><\/p>\t\t\t\t\t\t\t\t<\/div>\n\t\t\t\t<\/div>\n\t\t\t\t\t<\/div>\n\t\t<\/div>\n\t\t\t\t\t<\/div>\n\t\t<\/section>\n\t\t\t\t\t<\/div>\n\t\t<\/div>\n\t\t\t\t\t<\/div>\n\t\t<\/section>\n\t\t\t\t<\/div>\n\t\t","protected":false},"excerpt":{"rendered":"<p>Lebenslauf Pers\u00f6nliche Daten Geburtstag: 20. Oktober 1970 Staatsangeh\u00f6rigkeit: deutsch \u00a0 Wissenschaftlicher Werdegang Januar 2019Verlegung der HSB-Einheit in das Zentrum f\u00fcr nachrichtendienstliche Aus- und Fortbildung, Berlin Oktober 2012Antritt der Professur (W3) f\u00fcr Politikwissenschaft mit dem Schwerpunkt Internationale Politik und Sicherheitspolitik an der Fachhochschule des Bundes f\u00fcr \u00f6ffentliche Verwaltung in Br\u00fchl\/M\u00fcnchen (seit Oktober 2014: Hochschule des Bundes [&hellip;]<\/p>\n","protected":false},"author":1,"featured_media":0,"parent":0,"menu_order":0,"comment_status":"closed","ping_status":"closed","template":"elementor_header_footer","meta":{"footnotes":""},"class_list":["post-1343","page","type-page","status-publish","hentry"],"_links":{"self":[{"href":"https:\/\/martin-wagener.org\/index.php\/wp-json\/wp\/v2\/pages\/1343","targetHints":{"allow":["GET"]}}],"collection":[{"href":"https:\/\/martin-wagener.org\/index.php\/wp-json\/wp\/v2\/pages"}],"about":[{"href":"https:\/\/martin-wagener.org\/index.php\/wp-json\/wp\/v2\/types\/page"}],"author":[{"embeddable":true,"href":"https:\/\/martin-wagener.org\/index.php\/wp-json\/wp\/v2\/users\/1"}],"replies":[{"embeddable":true,"href":"https:\/\/martin-wagener.org\/index.php\/wp-json\/wp\/v2\/comments?post=1343"}],"version-history":[{"count":49,"href":"https:\/\/martin-wagener.org\/index.php\/wp-json\/wp\/v2\/pages\/1343\/revisions"}],"predecessor-version":[{"id":1953,"href":"https:\/\/martin-wagener.org\/index.php\/wp-json\/wp\/v2\/pages\/1343\/revisions\/1953"}],"wp:attachment":[{"href":"https:\/\/martin-wagener.org\/index.php\/wp-json\/wp\/v2\/media?parent=1343"}],"curies":[{"name":"wp","href":"https:\/\/api.w.org\/{rel}","templated":true}]}}